{"id":2,"date":"2023-06-27T10:06:03","date_gmt":"2023-06-27T08:06:03","guid":{"rendered":"https:\/\/events.stim-form.com\/?page_id=2"},"modified":"2025-10-01T19:41:51","modified_gmt":"2025-10-01T17:41:51","slug":"page-d-exemple","status":"publish","type":"page","link":"https:\/\/events.stim-form.com\/en\/","title":{"rendered":"Home"},"content":{"rendered":"<div class=\"wp-block-image\">\n<figure class=\"aligncenter size-large is-resized\"><img decoding=\"async\" src=\"https:\/\/events.stim-form.com\/wp-content\/themes\/STIMEVENTS\/medias\/fleche_rouge.svg\" alt=\"\" style=\"width:60px;height:38px\"\/><\/figure>\n<\/div>\n\n\n<div style=\"height:20px\" aria-hidden=\"true\" class=\"wp-block-spacer\"><\/div>\n\n\n\n<h2 class=\"wp-block-heading has-text-align-center has-primary-color has-text-color\">2<sup>e<\/sup> week-end portes ouvertes<\/h2>\n\n\n\n<p class=\"has-text-align-center\">Profitez d\u2019offres exclusives sur toute une gamme d\u2019articles.<\/p>\n\n\n\n<div style=\"height:20px\" aria-hidden=\"true\" class=\"wp-block-spacer\"><\/div>\n\n\n\n<h3 class=\"wp-block-heading has-text-align-center has-primary-color has-text-color\"><strong>NOVEMBRE<\/strong><\/h3>\n\n\n\n<p class=\"has-text-align-center\"><strong>Vendredi 17\/11\/23<\/strong><br>de 9h00 \u00e0 21h00<\/p>\n\n\n\n<p class=\"has-text-align-center\"><strong>Samedi 18\/11\/23<\/strong><br>de 9h00 \u00e0 18h00<\/p>\n\n\n\n<p class=\"has-text-align-center\"><strong>Dimanche 19\/11\/23<\/strong><br>Vous recherchez du mat\u00e9riel d\u2019investissement mais vous n\u2019avez de disponibilit\u00e9s pour les quatres premi\u00e8res dates. Nous proposons une journ\u00e9e suppl\u00e9mentaire&nbsp;<strong>uniquement sur rendez-vous<\/strong>.<\/p>\n\n\n\n<div class=\"wp-block-buttons is-content-justification-center is-layout-flex wp-container-core-buttons-is-layout-16018d1d wp-block-buttons-is-layout-flex\">\n<div class=\"wp-block-button\"><a class=\"wp-block-button__link wp-element-button\" href=\"https:\/\/events.stim-form.com\/prise-de-rendez-vous-dimanche-19-11\/\">Prendre rendez-vous<\/a><\/div>\n<\/div>\n\n\n\n<p><\/p>\n\n\n\n<div style=\"height:40px\" aria-hidden=\"true\" class=\"wp-block-spacer\"><\/div>\n\n\n<div class=\"wp-block-image\">\n<figure class=\"aligncenter size-large is-resized\"><img decoding=\"async\" src=\"https:\/\/events.stim-form.com\/wp-content\/themes\/STIMEVENTS\/medias\/geo_rouge.svg\" alt=\"\" style=\"width:50px;height:50px\"\/><\/figure>\n<\/div>\n\n\n<div style=\"height:20px\" aria-hidden=\"true\" class=\"wp-block-spacer\"><\/div>\n\n\n\n<h2 class=\"wp-block-heading has-text-align-center has-primary-color has-text-color\"><strong>Show-room d\u2019Andenne<\/strong><\/h2>\n\n\n\n<p class=\"has-text-align-center mb-0\">Rue de Pontillas, 346 \u00e0 5300 Andenne<\/p>\n\n\n\n<p class=\"has-text-align-center link_third\"><a href=\"tel:042757911\" data-type=\"tel\" data-id=\"tel:042757911\">04\/275 79 11<\/a><\/p>\n\n\n\n<div style=\"height:50px\" aria-hidden=\"true\" class=\"wp-block-spacer\"><\/div>\n\n\n<div class=\"wp-block-image\">\n<figure class=\"aligncenter size-full is-resized\"><img loading=\"lazy\" decoding=\"async\" width=\"380\" height=\"397\" src=\"https:\/\/events.stim-form.com\/wp-content\/uploads\/2023\/08\/Concours.png\" alt=\"\" class=\"wp-image-116\" style=\"width:120px;height:undefinedpx\" srcset=\"https:\/\/events.stim-form.com\/wp-content\/uploads\/2023\/08\/Concours.png 380w, https:\/\/events.stim-form.com\/wp-content\/uploads\/2023\/08\/Concours-287x300.png 287w\" sizes=\"auto, (max-width: 380px) 100vw, 380px\" \/><\/figure>\n<\/div>\n\n\n<div style=\"height:25px\" aria-hidden=\"true\" class=\"wp-block-spacer\"><\/div>\n\n\n\n<p class=\"has-text-align-center mb-0 text-uppercase has-primary-color has-text-color\"><strong>1 housse de table offerte \u00e0 chaque visiteur<\/strong><\/p>\n\n\n\n<p class=\"has-text-align-center text-uppercase has-dark-color has-text-color\"><strong>Jeu concours (tirage au sort)<\/strong><\/p>","protected":false},"excerpt":{"rendered":"<p>2e week-end portes ouvertes Profitez d\u2019offres exclusives sur toute une gamme d\u2019articles. NOVEMBRE Vendredi 17\/11\/23de 9h00 \u00e0 21h00 Samedi 18\/11\/23de\u2026<\/p>\n","protected":false},"author":1,"featured_media":0,"parent":0,"menu_order":0,"comment_status":"closed","ping_status":"open","template":"","meta":{"_acf_changed":false,"footnotes":""},"class_list":["post-2","page","type-page","status-publish","hentry"],"acf":[],"_links":{"self":[{"href":"https:\/\/events.stim-form.com\/en\/wp-json\/wp\/v2\/pages\/2","targetHints":{"allow":["GET"]}}],"collection":[{"href":"https:\/\/events.stim-form.com\/en\/wp-json\/wp\/v2\/pages"}],"about":[{"href":"https:\/\/events.stim-form.com\/en\/wp-json\/wp\/v2\/types\/page"}],"author":[{"embeddable":true,"href":"https:\/\/events.stim-form.com\/en\/wp-json\/wp\/v2\/users\/1"}],"replies":[{"embeddable":true,"href":"https:\/\/events.stim-form.com\/en\/wp-json\/wp\/v2\/comments?post=2"}],"version-history":[{"count":108,"href":"https:\/\/events.stim-form.com\/en\/wp-json\/wp\/v2\/pages\/2\/revisions"}],"predecessor-version":[{"id":383,"href":"https:\/\/events.stim-form.com\/en\/wp-json\/wp\/v2\/pages\/2\/revisions\/383"}],"wp:attachment":[{"href":"https:\/\/events.stim-form.com\/en\/wp-json\/wp\/v2\/media?parent=2"}],"curies":[{"name":"wp","href":"https:\/\/api.w.org\/{rel}","templated":true}]}}