{"id":66,"date":"2023-08-29T13:14:51","date_gmt":"2023-08-29T11:14:51","guid":{"rendered":"https:\/\/events.stim-form.com\/?page_id=66"},"modified":"2023-09-01T14:45:01","modified_gmt":"2023-09-01T12:45:01","slug":"atelier","status":"publish","type":"page","link":"https:\/\/events.stim-form.com\/en\/atelier\/","title":{"rendered":"Ateliers"},"content":{"rendered":"\n<div style=\"height:50px\" aria-hidden=\"true\" class=\"wp-block-spacer\"><\/div>\n\n\n\n<h2 class=\"wp-block-heading has-text-align-center has-primary-color has-text-color\">Les ateliers<\/h2>\n\n\n\n<h3 class=\"wp-block-heading has-text-align-center mb-4 has-dark-color has-text-color\"><strong>ven. 13\/10<strong>\/2023<\/strong> &amp; sam. 14\/10<\/strong>\/2023<\/h3>\n\n\n\n<div class=\"wp-block-columns is-layout-flex wp-container-core-columns-is-layout-9d6595d7 wp-block-columns-is-layout-flex\">\n<div class=\"wp-block-column border p-4 is-layout-flow wp-block-column-is-layout-flow\"><div class=\"wp-block-image\">\n<figure class=\"aligncenter size-full is-resized\"><img decoding=\"async\" src=\"https:\/\/events.stim-form.com\/wp-content\/uploads\/2023\/08\/atelier-mad-up.jpg\" alt=\"\" class=\"wp-image-163\" style=\"width:200px\" width=\"200\" srcset=\"https:\/\/events.stim-form.com\/wp-content\/uploads\/2023\/08\/atelier-mad-up.jpg 642w, https:\/\/events.stim-form.com\/wp-content\/uploads\/2023\/08\/atelier-mad-up-207x300.jpg 207w\" sizes=\"(max-width: 642px) 100vw, 642px\" \/><\/figure>\n<\/div>\n\n\n<p class=\"has-text-align-center has-dark-color has-text-color\"><strong>Guy Moussi<\/strong><\/p>\n\n\n\n<p class=\"has-text-align-center mb-0\">Ancien footballeur professionnel, fondateur de la soci\u00e9t\u00e9 Mad-Up, et expert<\/p>\n\n\n\n<p class=\"has-text-align-center has-small-font-size\">&#8211; France &#8211;<\/p>\n\n\n<div class=\"wp-block-image\">\n<figure class=\"aligncenter size-full is-resized\"><img decoding=\"async\" src=\"https:\/\/events.stim-form.com\/wp-content\/uploads\/2023\/08\/expert-guy-moussi.jpg\" alt=\"\" class=\"wp-image-169\" style=\"width:100px\" width=\"100\" srcset=\"https:\/\/events.stim-form.com\/wp-content\/uploads\/2023\/08\/expert-guy-moussi.jpg 200w, https:\/\/events.stim-form.com\/wp-content\/uploads\/2023\/08\/expert-guy-moussi-150x150.jpg 150w\" sizes=\"(max-width: 200px) 100vw, 200px\" \/><\/figure>\n<\/div><\/div>\n\n\n\n<div class=\"wp-block-column border p-4 is-layout-flow wp-block-column-is-layout-flow\"><div class=\"wp-block-image\">\n<figure class=\"aligncenter size-full is-resized\"><img decoding=\"async\" src=\"https:\/\/events.stim-form.com\/wp-content\/uploads\/2023\/09\/atelier-asa-laser-02.jpg\" alt=\"\" class=\"wp-image-236\" style=\"width:200px\" width=\"200\" srcset=\"https:\/\/events.stim-form.com\/wp-content\/uploads\/2023\/09\/atelier-asa-laser-02.jpg 642w, https:\/\/events.stim-form.com\/wp-content\/uploads\/2023\/09\/atelier-asa-laser-02-207x300.jpg 207w\" sizes=\"(max-width: 642px) 100vw, 642px\" \/><\/figure>\n<\/div>\n\n\n<p class=\"has-text-align-center has-dark-color has-text-color\"><strong>Fran\u00e7ois Molinaro<\/strong><\/p>\n\n\n\n<p class=\"has-text-align-center mb-0\">Kin\u00e9sith\u00e9rapeute, expert ASA Laser \u00e0 Wasquehal<\/p>\n\n\n\n<p class=\"has-text-align-center has-small-font-size\">&#8211; France &#8211;<\/p>\n\n\n<div class=\"wp-block-image\">\n<figure class=\"aligncenter size-full is-resized\"><img decoding=\"async\" src=\"https:\/\/events.stim-form.com\/wp-content\/uploads\/2023\/08\/expert-francois-molinaro.jpg\" alt=\"\" class=\"wp-image-171\" style=\"width:100px\" width=\"100\" srcset=\"https:\/\/events.stim-form.com\/wp-content\/uploads\/2023\/08\/expert-francois-molinaro.jpg 200w, https:\/\/events.stim-form.com\/wp-content\/uploads\/2023\/08\/expert-francois-molinaro-150x150.jpg 150w\" sizes=\"(max-width: 200px) 100vw, 200px\" \/><\/figure>\n<\/div><\/div>\n<\/div>\n\n\n\n<div class=\"wp-block-columns is-layout-flex wp-container-core-columns-is-layout-9d6595d7 wp-block-columns-is-layout-flex\">\n<div class=\"wp-block-column border p-4 is-layout-flow wp-block-column-is-layout-flow\"><div class=\"wp-block-image\">\n<figure class=\"aligncenter size-full is-resized\"><img decoding=\"async\" src=\"https:\/\/events.stim-form.com\/wp-content\/uploads\/2023\/08\/atelier-kinvent.jpg\" alt=\"\" class=\"wp-image-166\" style=\"width:200px\" width=\"200\" srcset=\"https:\/\/events.stim-form.com\/wp-content\/uploads\/2023\/08\/atelier-kinvent.jpg 642w, https:\/\/events.stim-form.com\/wp-content\/uploads\/2023\/08\/atelier-kinvent-207x300.jpg 207w\" sizes=\"(max-width: 642px) 100vw, 642px\" \/><\/figure>\n<\/div>\n\n\n<p class=\"has-text-align-center has-dark-color has-text-color\"><strong>Maxime Gonguet<\/strong><\/p>\n\n\n\n<p class=\"has-text-align-center mb-0\">Kin\u00e9sith\u00e9rapeute du sport, champion de France de D\u00e9cathlon et expert Kinvent<\/p>\n\n\n\n<p class=\"has-text-align-center has-small-font-size\">&#8211; France &#8211;<\/p>\n\n\n<div class=\"wp-block-image\">\n<figure class=\"aligncenter size-full is-resized\"><img decoding=\"async\" src=\"https:\/\/events.stim-form.com\/wp-content\/uploads\/2023\/08\/expert-maxime-gonguet.jpg\" alt=\"\" class=\"wp-image-172\" style=\"width:100px\" width=\"100\" srcset=\"https:\/\/events.stim-form.com\/wp-content\/uploads\/2023\/08\/expert-maxime-gonguet.jpg 200w, https:\/\/events.stim-form.com\/wp-content\/uploads\/2023\/08\/expert-maxime-gonguet-150x150.jpg 150w\" sizes=\"(max-width: 200px) 100vw, 200px\" \/><\/figure>\n<\/div><\/div>\n\n\n\n<div class=\"wp-block-column border p-4 is-layout-flow wp-block-column-is-layout-flow\"><div class=\"wp-block-image\">\n<figure class=\"aligncenter size-full is-resized\"><img decoding=\"async\" src=\"https:\/\/events.stim-form.com\/wp-content\/uploads\/2023\/08\/atelier-easytech.jpg\" alt=\"\" class=\"wp-image-167\" style=\"width:200px\" width=\"200\" srcset=\"https:\/\/events.stim-form.com\/wp-content\/uploads\/2023\/08\/atelier-easytech.jpg 642w, https:\/\/events.stim-form.com\/wp-content\/uploads\/2023\/08\/atelier-easytech-207x300.jpg 207w\" sizes=\"(max-width: 642px) 100vw, 642px\" \/><\/figure>\n<\/div>\n\n\n<p class=\"has-text-align-center has-dark-color has-text-color\"><strong>Juan Carlos Andrade<\/strong><\/p>\n\n\n\n<p class=\"has-text-align-center mb-0\">Kin\u00e9sith\u00e9rapeute, Ost\u00e9opathe, expert T Care Murcia<\/p>\n\n\n\n<p class=\"has-text-align-center has-small-font-size\"> &#8211; Espagne &#8211;<\/p>\n\n\n<div class=\"wp-block-image\">\n<figure class=\"aligncenter size-full is-resized\"><img decoding=\"async\" src=\"https:\/\/events.stim-form.com\/wp-content\/uploads\/2023\/08\/expert-juan-carlos-andrade.jpg\" alt=\"\" class=\"wp-image-173\" style=\"width:100px\" width=\"100\" srcset=\"https:\/\/events.stim-form.com\/wp-content\/uploads\/2023\/08\/expert-juan-carlos-andrade.jpg 200w, https:\/\/events.stim-form.com\/wp-content\/uploads\/2023\/08\/expert-juan-carlos-andrade-150x150.jpg 150w\" sizes=\"(max-width: 200px) 100vw, 200px\" \/><\/figure>\n<\/div><\/div>\n<\/div>\n\n\n\n<h2 class=\"wp-block-heading mt-4 has-dark-color has-text-color\">Horaires<\/h2>\n\n\n\n<div class=\"wp-block-columns is-layout-flex wp-container-core-columns-is-layout-9d6595d7 wp-block-columns-is-layout-flex\">\n<div class=\"wp-block-column is-layout-flow wp-block-column-is-layout-flow\">\n<h3 class=\"wp-block-heading has-text-align-left has-primary-color has-text-color\"><strong>Vendredi 13\/10\/2023<\/strong><\/h3>\n\n\n\n<p><strong>Mad-Up<\/strong> &#8211; Guy Moussi<br>16h30 \/ 19h30<\/p>\n\n\n\n<p><strong>ASA Laser<\/strong> &#8211; Fran\u00e7ois Molinaro<br>16h30 \/ 19h30<\/p>\n\n\n\n<p><strong>Kinvent<\/strong> &#8211; Maxime Gonguet<br>16h30 \/ 19h30<\/p>\n\n\n\n<p><strong>T Care EasyTech<\/strong>  &#8211; Juan Carlos Andrade<strong><br><\/strong>16h30 \/ 19h30<\/p>\n<\/div>\n\n\n\n<div class=\"wp-block-column is-layout-flow wp-block-column-is-layout-flow\">\n<h3 class=\"wp-block-heading has-text-align-left has-primary-color has-text-color\"><strong>Samedi 14\/10\/2023<\/strong><\/h3>\n\n\n\n<p><strong>Mad-Up<\/strong> &#8211; Guy Moussi<br>11h00 \/ 14h00 \/ 16h00<\/p>\n\n\n\n<p><strong><strong>ASA<\/strong> Laser<\/strong> &#8211; Fran\u00e7ois Molinaro<br>11h00 \/ 14h00 \/ 16h00<\/p>\n\n\n\n<p><strong>Kinvent<\/strong> &#8211; Maxime Gonguet<br>11h00 \/ 14h00 \/ 16h00<\/p>\n\n\n\n<p><strong>T Care EasyTech<\/strong>  &#8211; Juan Carlos Andrade<strong><br><\/strong>11h00 \/ 14h00<\/p>\n<\/div>\n<\/div>\n\n\n\n<div style=\"height:50px\" aria-hidden=\"true\" class=\"wp-block-spacer\"><\/div>\n\n\n\n<h2 class=\"wp-block-heading has-dark-color has-text-color\">Inscription<\/h2>\n\n\n\n<div class=\"forminator-guttenberg\"><div class=\"forminator-ui forminator-custom-form forminator-custom-form-78   forminator_ajax\" data-forminator-render=\"0\" data-form=\"forminator-module-78\" data-uid=\"69fb672fd9889\"><br\/><\/div><form\r\n\t\t\t\tid=\"forminator-module-78\"\r\n\t\t\t\tclass=\"forminator-ui forminator-custom-form forminator-custom-form-78   forminator_ajax\"\r\n\t\t\t\tmethod=\"post\"\r\n\t\t\t\tdata-forminator-render=\"0\"\r\n\t\t\t\tdata-form-id=\"78\"\r\n\t\t\t\t data-color-option=\"default\" data-design=\"none\" data-grid=\"open\" style=\"display: none;\"\r\n\t\t\t\tdata-uid=\"69fb672fd9889\"\r\n\t\t\t><div role=\"alert\" aria-live=\"polite\" class=\"forminator-response-message forminator-error\" aria-hidden=\"true\"><\/div><div class=\"forminator-row\"><div id=\"text-1\" class=\"forminator-field-text forminator-col forminator-col-6 \"><div class=\"forminator-field\"><label for=\"forminator-field-text-1_69fb672fd9889\" id=\"forminator-field-text-1_69fb672fd9889-label\" class=\"forminator-label\">Nom <span class=\"forminator-required\">*<\/span><\/label><input type=\"text\" name=\"text-1\" value=\"\" placeholder=\"\" id=\"forminator-field-text-1_69fb672fd9889\" class=\"forminator-input forminator-name--field\" data-required=\"1\" \/><\/div><\/div><div id=\"text-2\" class=\"forminator-field-text forminator-col forminator-col-6 \"><div class=\"forminator-field\"><label for=\"forminator-field-text-2_69fb672fd9889\" id=\"forminator-field-text-2_69fb672fd9889-label\" class=\"forminator-label\">Pr\u00e9nom <span class=\"forminator-required\">*<\/span><\/label><input type=\"text\" name=\"text-2\" value=\"\" placeholder=\"\" id=\"forminator-field-text-2_69fb672fd9889\" class=\"forminator-input forminator-name--field\" data-required=\"1\" \/><\/div><\/div><\/div><div class=\"forminator-row\"><div id=\"phone-1\" class=\"forminator-field-phone forminator-col forminator-col-6 \"><div class=\"forminator-field\"><label for=\"forminator-field-phone-1_69fb672fd9889\" id=\"forminator-field-phone-1_69fb672fd9889-label\" class=\"forminator-label\">T\u00e9l\u00e9phone<\/label><input type=\"text\" name=\"phone-1\" value=\"\" placeholder=\"\" id=\"forminator-field-phone-1_69fb672fd9889\" class=\"forminator-input forminator-field--phone\" data-required=\"\" aria-required=\"false\" autocomplete=\"off\" \/><\/div><\/div><div id=\"email-1\" class=\"forminator-field-email forminator-col forminator-col-6 \"><div class=\"forminator-field\"><label for=\"forminator-field-email-1_69fb672fd9889\" id=\"forminator-field-email-1_69fb672fd9889-label\" class=\"forminator-label\">Adresse mail <span class=\"forminator-required\">*<\/span><\/label><input type=\"email\" name=\"email-1\" value=\"\" placeholder=\"\" id=\"forminator-field-email-1_69fb672fd9889\" class=\"forminator-input forminator-email--field\" data-required=\"1\" aria-required=\"true\" autocomplete=\"email\" \/><\/div><\/div><\/div><div class=\"forminator-row\"><div id=\"checkbox-2\" class=\"forminator-field-checkbox forminator-col forminator-col-6 \"><div role=\"group\" class=\"forminator-field\" aria-labelledby=\"forminator-checkbox-group-forminator-field-checkbox-2-69fb672fd9889-label\"><span id=\"forminator-checkbox-group-forminator-field-checkbox-2-69fb672fd9889-label\" class=\"forminator-label\">Ateliers du vendredi 13\/10<\/span><label id=\"forminator-field-checkbox-2-1-69fb672fd9889-label\" for=\"forminator-field-checkbox-2-1-69fb672fd9889\" class=\"forminator-checkbox\" title=\"Mad-Up - 16h30\"><input type=\"checkbox\" name=\"checkbox-2[]\" value=\"mad-up-13.10-16h30\" id=\"forminator-field-checkbox-2-1-69fb672fd9889\" aria-labelledby=\"forminator-field-checkbox-2-1-69fb672fd9889-label\" data-calculation=\"0\"   data-hidden-behavior=\"zero\"\/><span class=\"forminator-checkbox-box\" aria-hidden=\"true\"><\/span><span class=\"forminator-checkbox-label\">Mad-Up - 16h30<\/span><\/label><label id=\"forminator-field-checkbox-2-2-69fb672fd9889-label\" for=\"forminator-field-checkbox-2-2-69fb672fd9889\" class=\"forminator-checkbox\" title=\"Mad-Up - 19h30\"><input type=\"checkbox\" name=\"checkbox-2[]\" value=\"mad-up-13.10-19h30\" id=\"forminator-field-checkbox-2-2-69fb672fd9889\" aria-labelledby=\"forminator-field-checkbox-2-2-69fb672fd9889-label\" data-calculation=\"0\"   data-hidden-behavior=\"zero\"\/><span class=\"forminator-checkbox-box\" aria-hidden=\"true\"><\/span><span class=\"forminator-checkbox-label\">Mad-Up - 19h30<\/span><\/label><label id=\"forminator-field-checkbox-2-3-69fb672fd9889-label\" for=\"forminator-field-checkbox-2-3-69fb672fd9889\" class=\"forminator-checkbox\" title=\"ASA Laser - 16h30\"><input type=\"checkbox\" name=\"checkbox-2[]\" value=\"asa-laser-13.10-16h30\" id=\"forminator-field-checkbox-2-3-69fb672fd9889\" aria-labelledby=\"forminator-field-checkbox-2-3-69fb672fd9889-label\" data-calculation=\"0\"   data-hidden-behavior=\"zero\"\/><span class=\"forminator-checkbox-box\" aria-hidden=\"true\"><\/span><span class=\"forminator-checkbox-label\">ASA Laser - 16h30<\/span><\/label><label id=\"forminator-field-checkbox-2-4-69fb672fd9889-label\" for=\"forminator-field-checkbox-2-4-69fb672fd9889\" class=\"forminator-checkbox\" title=\"ASA Laser - 19h30\"><input type=\"checkbox\" name=\"checkbox-2[]\" value=\"asa-laser-13.10-19h30\" id=\"forminator-field-checkbox-2-4-69fb672fd9889\" aria-labelledby=\"forminator-field-checkbox-2-4-69fb672fd9889-label\" data-calculation=\"0\"   data-hidden-behavior=\"zero\"\/><span class=\"forminator-checkbox-box\" aria-hidden=\"true\"><\/span><span class=\"forminator-checkbox-label\">ASA Laser - 19h30<\/span><\/label><label id=\"forminator-field-checkbox-2-5-69fb672fd9889-label\" for=\"forminator-field-checkbox-2-5-69fb672fd9889\" class=\"forminator-checkbox\" title=\"Kinvent - 16h30\"><input type=\"checkbox\" name=\"checkbox-2[]\" value=\"kinvent-13.10-16h30\" id=\"forminator-field-checkbox-2-5-69fb672fd9889\" aria-labelledby=\"forminator-field-checkbox-2-5-69fb672fd9889-label\" data-calculation=\"0\"   data-hidden-behavior=\"zero\"\/><span class=\"forminator-checkbox-box\" aria-hidden=\"true\"><\/span><span class=\"forminator-checkbox-label\">Kinvent - 16h30<\/span><\/label><label id=\"forminator-field-checkbox-2-6-69fb672fd9889-label\" for=\"forminator-field-checkbox-2-6-69fb672fd9889\" class=\"forminator-checkbox\" title=\"Kinvent - 19h30\"><input type=\"checkbox\" name=\"checkbox-2[]\" value=\"kinvent-13.10-19h30\" id=\"forminator-field-checkbox-2-6-69fb672fd9889\" aria-labelledby=\"forminator-field-checkbox-2-6-69fb672fd9889-label\" data-calculation=\"0\"   data-hidden-behavior=\"zero\"\/><span class=\"forminator-checkbox-box\" aria-hidden=\"true\"><\/span><span class=\"forminator-checkbox-label\">Kinvent - 19h30<\/span><\/label><label id=\"forminator-field-checkbox-2-7-69fb672fd9889-label\" for=\"forminator-field-checkbox-2-7-69fb672fd9889\" class=\"forminator-checkbox\" title=\"T Care EasyTech - 16h30\"><input type=\"checkbox\" name=\"checkbox-2[]\" value=\"T-Care-EasyTech-13.10-16h30\" id=\"forminator-field-checkbox-2-7-69fb672fd9889\" aria-labelledby=\"forminator-field-checkbox-2-7-69fb672fd9889-label\" data-calculation=\"0\"   data-hidden-behavior=\"zero\"\/><span class=\"forminator-checkbox-box\" aria-hidden=\"true\"><\/span><span class=\"forminator-checkbox-label\">T Care EasyTech - 16h30<\/span><\/label><label id=\"forminator-field-checkbox-2-8-69fb672fd9889-label\" for=\"forminator-field-checkbox-2-8-69fb672fd9889\" class=\"forminator-checkbox\" title=\"T Care EasyTech - 19h30\"><input type=\"checkbox\" name=\"checkbox-2[]\" value=\"T-Care-EasyTech-13.10-19h30\" id=\"forminator-field-checkbox-2-8-69fb672fd9889\" aria-labelledby=\"forminator-field-checkbox-2-8-69fb672fd9889-label\" data-calculation=\"0\"   data-hidden-behavior=\"zero\"\/><span class=\"forminator-checkbox-box\" aria-hidden=\"true\"><\/span><span class=\"forminator-checkbox-label\">T Care EasyTech - 19h30<\/span><\/label><\/div><\/div><div id=\"checkbox-3\" class=\"forminator-field-checkbox forminator-col forminator-col-6 \"><div role=\"group\" class=\"forminator-field\" aria-labelledby=\"forminator-checkbox-group-forminator-field-checkbox-3-69fb672fd9889-label\"><span id=\"forminator-checkbox-group-forminator-field-checkbox-3-69fb672fd9889-label\" class=\"forminator-label\">Ateliers du samedi 14\/10<\/span><label id=\"forminator-field-checkbox-3-1-69fb672fd9889-label\" for=\"forminator-field-checkbox-3-1-69fb672fd9889\" class=\"forminator-checkbox\" title=\"Mad-Up - 11h00\"><input type=\"checkbox\" name=\"checkbox-3[]\" value=\"mad-up-14.10-11h00\" id=\"forminator-field-checkbox-3-1-69fb672fd9889\" aria-labelledby=\"forminator-field-checkbox-3-1-69fb672fd9889-label\" data-calculation=\"0\"   data-hidden-behavior=\"zero\"\/><span class=\"forminator-checkbox-box\" aria-hidden=\"true\"><\/span><span class=\"forminator-checkbox-label\">Mad-Up - 11h00<\/span><\/label><label id=\"forminator-field-checkbox-3-2-69fb672fd9889-label\" for=\"forminator-field-checkbox-3-2-69fb672fd9889\" class=\"forminator-checkbox\" title=\"Mad-Up - 14h00\"><input type=\"checkbox\" name=\"checkbox-3[]\" value=\"mad-up-14.10-14h00\" id=\"forminator-field-checkbox-3-2-69fb672fd9889\" aria-labelledby=\"forminator-field-checkbox-3-2-69fb672fd9889-label\" data-calculation=\"0\"   data-hidden-behavior=\"zero\"\/><span class=\"forminator-checkbox-box\" aria-hidden=\"true\"><\/span><span class=\"forminator-checkbox-label\">Mad-Up - 14h00<\/span><\/label><label id=\"forminator-field-checkbox-3-3-69fb672fd9889-label\" for=\"forminator-field-checkbox-3-3-69fb672fd9889\" class=\"forminator-checkbox\" title=\"Mad-Up - 16h00\"><input type=\"checkbox\" name=\"checkbox-3[]\" value=\"Mad-Up - Le 14\/10 \u00e0 16h00\" id=\"forminator-field-checkbox-3-3-69fb672fd9889\" aria-labelledby=\"forminator-field-checkbox-3-3-69fb672fd9889-label\" data-calculation=\"0\"   data-hidden-behavior=\"zero\"\/><span class=\"forminator-checkbox-box\" aria-hidden=\"true\"><\/span><span class=\"forminator-checkbox-label\">Mad-Up - 16h00<\/span><\/label><label id=\"forminator-field-checkbox-3-4-69fb672fd9889-label\" for=\"forminator-field-checkbox-3-4-69fb672fd9889\" class=\"forminator-checkbox\" title=\"ASA Laser - 11h00\"><input type=\"checkbox\" name=\"checkbox-3[]\" value=\"asa-laser-14.10-11h00\" id=\"forminator-field-checkbox-3-4-69fb672fd9889\" aria-labelledby=\"forminator-field-checkbox-3-4-69fb672fd9889-label\" data-calculation=\"0\"   data-hidden-behavior=\"zero\"\/><span class=\"forminator-checkbox-box\" aria-hidden=\"true\"><\/span><span class=\"forminator-checkbox-label\">ASA Laser - 11h00<\/span><\/label><label id=\"forminator-field-checkbox-3-5-69fb672fd9889-label\" for=\"forminator-field-checkbox-3-5-69fb672fd9889\" class=\"forminator-checkbox\" title=\"ASA Laser - 14h00\"><input type=\"checkbox\" name=\"checkbox-3[]\" value=\"asa-laser-14.10-14h00\" id=\"forminator-field-checkbox-3-5-69fb672fd9889\" aria-labelledby=\"forminator-field-checkbox-3-5-69fb672fd9889-label\" data-calculation=\"0\"   data-hidden-behavior=\"zero\"\/><span class=\"forminator-checkbox-box\" aria-hidden=\"true\"><\/span><span class=\"forminator-checkbox-label\">ASA Laser - 14h00<\/span><\/label><label id=\"forminator-field-checkbox-3-6-69fb672fd9889-label\" for=\"forminator-field-checkbox-3-6-69fb672fd9889\" class=\"forminator-checkbox\" title=\"ASA Laser - 16h00\"><input type=\"checkbox\" name=\"checkbox-3[]\" value=\"asa-laser-14.10-16h00\" id=\"forminator-field-checkbox-3-6-69fb672fd9889\" aria-labelledby=\"forminator-field-checkbox-3-6-69fb672fd9889-label\" data-calculation=\"0\"   data-hidden-behavior=\"zero\"\/><span class=\"forminator-checkbox-box\" aria-hidden=\"true\"><\/span><span class=\"forminator-checkbox-label\">ASA Laser - 16h00<\/span><\/label><label id=\"forminator-field-checkbox-3-7-69fb672fd9889-label\" for=\"forminator-field-checkbox-3-7-69fb672fd9889\" class=\"forminator-checkbox\" title=\"Kinvent - 11h00\"><input type=\"checkbox\" name=\"checkbox-3[]\" value=\"kinvent-14.10-11h00\" id=\"forminator-field-checkbox-3-7-69fb672fd9889\" aria-labelledby=\"forminator-field-checkbox-3-7-69fb672fd9889-label\" data-calculation=\"0\"   data-hidden-behavior=\"zero\"\/><span class=\"forminator-checkbox-box\" aria-hidden=\"true\"><\/span><span class=\"forminator-checkbox-label\">Kinvent - 11h00<\/span><\/label><label id=\"forminator-field-checkbox-3-8-69fb672fd9889-label\" for=\"forminator-field-checkbox-3-8-69fb672fd9889\" class=\"forminator-checkbox\" title=\"Kinvent - 14h00\"><input type=\"checkbox\" name=\"checkbox-3[]\" value=\"kinvent-14.10-14h00\" id=\"forminator-field-checkbox-3-8-69fb672fd9889\" aria-labelledby=\"forminator-field-checkbox-3-8-69fb672fd9889-label\" data-calculation=\"0\"   data-hidden-behavior=\"zero\"\/><span class=\"forminator-checkbox-box\" aria-hidden=\"true\"><\/span><span class=\"forminator-checkbox-label\">Kinvent - 14h00<\/span><\/label><label id=\"forminator-field-checkbox-3-9-69fb672fd9889-label\" for=\"forminator-field-checkbox-3-9-69fb672fd9889\" class=\"forminator-checkbox\" title=\"Kinvent - 16h00\"><input type=\"checkbox\" name=\"checkbox-3[]\" value=\"kinvent-14.10-16h00\" id=\"forminator-field-checkbox-3-9-69fb672fd9889\" aria-labelledby=\"forminator-field-checkbox-3-9-69fb672fd9889-label\" data-calculation=\"0\"   data-hidden-behavior=\"zero\"\/><span class=\"forminator-checkbox-box\" aria-hidden=\"true\"><\/span><span class=\"forminator-checkbox-label\">Kinvent - 16h00<\/span><\/label><label id=\"forminator-field-checkbox-3-10-69fb672fd9889-label\" for=\"forminator-field-checkbox-3-10-69fb672fd9889\" class=\"forminator-checkbox\" title=\"T Care EasyTech - 11h00\"><input type=\"checkbox\" name=\"checkbox-3[]\" value=\"T-Care-EasyTech-14.10-11h00\" id=\"forminator-field-checkbox-3-10-69fb672fd9889\" aria-labelledby=\"forminator-field-checkbox-3-10-69fb672fd9889-label\" data-calculation=\"0\"   data-hidden-behavior=\"zero\"\/><span class=\"forminator-checkbox-box\" aria-hidden=\"true\"><\/span><span class=\"forminator-checkbox-label\">T Care EasyTech - 11h00<\/span><\/label><label id=\"forminator-field-checkbox-3-11-69fb672fd9889-label\" for=\"forminator-field-checkbox-3-11-69fb672fd9889\" class=\"forminator-checkbox\" title=\"T Care EasyTech - 14h00\"><input type=\"checkbox\" name=\"checkbox-3[]\" value=\"T-Care-EasyTech-14.10-14h00\" id=\"forminator-field-checkbox-3-11-69fb672fd9889\" aria-labelledby=\"forminator-field-checkbox-3-11-69fb672fd9889-label\" data-calculation=\"0\"   data-hidden-behavior=\"zero\"\/><span class=\"forminator-checkbox-box\" aria-hidden=\"true\"><\/span><span class=\"forminator-checkbox-label\">T Care EasyTech - 14h00<\/span><\/label><\/div><\/div><\/div><input type=\"hidden\" name=\"referer_url\" value=\"\" \/><div class=\"forminator-row forminator-row-last\"><div class=\"forminator-col\"><div class=\"forminator-field\"><button class=\"forminator-button forminator-button-submit btn_primary mt-4\">Je m&#039;inscris<\/button><\/div><\/div><\/div><input type=\"hidden\" id=\"forminator_nonce\" name=\"forminator_nonce\" value=\"fc035caf03\" \/><input type=\"hidden\" name=\"_wp_http_referer\" value=\"\/en\/wp-json\/wp\/v2\/pages\/66\" \/><input type=\"hidden\" name=\"form_id\" value=\"78\"><input type=\"hidden\" name=\"page_id\" value=\"66\"><input type=\"hidden\" name=\"form_type\" value=\"default\"><input type=\"hidden\" name=\"current_url\" value=\"https:\/\/events.stim-form.com\/en\/atelier\/\"><input type=\"hidden\" name=\"render_id\" value=\"0\"><input type=\"hidden\" name=\"action\" value=\"forminator_submit_form_custom-forms\"><\/form><\/div>\n\n\n<div class=\"wp-block-image pt-5\">\n<figure class=\"aligncenter size-full is-resized\"><img decoding=\"async\" src=\"https:\/\/events.stim-form.com\/wp-content\/uploads\/2023\/09\/Stim-Po-Sponsors-02-1.jpg\" alt=\"\" class=\"wp-image-239\" style=\"width:800px\" width=\"800\" srcset=\"https:\/\/events.stim-form.com\/wp-content\/uploads\/2023\/09\/Stim-Po-Sponsors-02-1.jpg 800w, https:\/\/events.stim-form.com\/wp-content\/uploads\/2023\/09\/Stim-Po-Sponsors-02-1-300x126.jpg 300w, https:\/\/events.stim-form.com\/wp-content\/uploads\/2023\/09\/Stim-Po-Sponsors-02-1-768x322.jpg 768w\" sizes=\"(max-width: 800px) 100vw, 800px\" \/><\/figure>\n<\/div>","protected":false},"excerpt":{"rendered":"<p>Les ateliers ven. 13\/10\/2023 &amp; sam. 14\/10\/2023 Guy Moussi Ancien footballeur professionnel, fondateur de la soci\u00e9t\u00e9 Mad-Up, et expert &#8211;\u2026<\/p>\n","protected":false},"author":1,"featured_media":0,"parent":0,"menu_order":0,"comment_status":"closed","ping_status":"closed","template":"","meta":{"_acf_changed":false,"footnotes":""},"class_list":["post-66","page","type-page","status-publish","hentry"],"acf":[],"_links":{"self":[{"href":"https:\/\/events.stim-form.com\/en\/wp-json\/wp\/v2\/pages\/66","targetHints":{"allow":["GET"]}}],"collection":[{"href":"https:\/\/events.stim-form.com\/en\/wp-json\/wp\/v2\/pages"}],"about":[{"href":"https:\/\/events.stim-form.com\/en\/wp-json\/wp\/v2\/types\/page"}],"author":[{"embeddable":true,"href":"https:\/\/events.stim-form.com\/en\/wp-json\/wp\/v2\/users\/1"}],"replies":[{"embeddable":true,"href":"https:\/\/events.stim-form.com\/en\/wp-json\/wp\/v2\/comments?post=66"}],"version-history":[{"count":56,"href":"https:\/\/events.stim-form.com\/en\/wp-json\/wp\/v2\/pages\/66\/revisions"}],"predecessor-version":[{"id":240,"href":"https:\/\/events.stim-form.com\/en\/wp-json\/wp\/v2\/pages\/66\/revisions\/240"}],"wp:attachment":[{"href":"https:\/\/events.stim-form.com\/en\/wp-json\/wp\/v2\/media?parent=66"}],"curies":[{"name":"wp","href":"https:\/\/api.w.org\/{rel}","templated":true}]}}